{"id":692,"date":"2015-11-04T10:14:46","date_gmt":"2015-11-04T09:14:46","guid":{"rendered":"http:\/\/www.starostowka.pl\/new\/?page_id=692"},"modified":"2021-03-11T10:58:08","modified_gmt":"2021-03-11T09:58:08","slug":"lokalizacja","status":"publish","type":"page","link":"https:\/\/www.starostowka.pl\/new\/lokalizacja\/","title":{"rendered":"Lokalizacja"},"content":{"rendered":"<table border=\"0\" width=\"650\" cellspacing=\"0\" cellpadding=\"0\">\n<tbody>\n<tr>\n<td align=\"left\" valign=\"top\" height=\"22\">\n<p class=\"style5\" align=\"justify\">DOJAZD<\/p>\n<p class=\"style5\">Jad\u0105c z <strong>Warszawy<\/strong> lub <strong> Bia\u0142egostok<\/strong>u w kierunku <strong>Suwa\u0142k<\/strong> na \u015bwiat\u0142ach w <strong>Augustowie<\/strong> skr\u0119camy w prawo kierunek <strong>Sejny, Ogrodniki.<\/strong> Po przejechaniu oko\u0142o 20 km, 1.5 km za miejscowo\u015bci\u0105 <strong>Serski Las<\/strong> zje\u017cdzamy z drogi g\u0142\u00f3wnej prowadz\u0105cej do <strong>Sejn\/Ogrodnik<\/strong> skr\u0119caj\u0105c w prawo w kierunku miejscowo\u015bci <strong>P\u0142aska <\/strong> ( w lewo znak wska\u017ce kierunek <strong>P\u0142ociczno)<\/strong>.  Mijamy wie\u015b <strong>Macharce i Podmacharce<\/strong> i po 2.2 km od ostatniego skrzy\u017cowania, we wsi <strong>Mo\u0142owiste<\/strong>, po prawej stronie drogi, 200 m. za <strong>\u201eBarem u Florka\u201d (<\/strong>znajduj\u0105cym si\u0119 z kolei po lewej stronie jezdni), znajdziecie Pa\u0144stwo nasze gospodarstwo.<\/p>\n<\/td>\n<\/tr>\n<\/tbody>\n<\/table>\n<p><iframe src=\"https:\/\/www.google.com\/maps\/embed?pb=!1m18!1m12!1m3!1d2348.860898802112!2d23.21285471598868!3d53.93421508010646!2m3!1f0!2f0!3f0!3m2!1i1024!2i768!4f13.1!3m3!1m2!1s0x46e0f62aba507899%3A0x67a06e36b857ce11!2sMo%C5%82owiste%2024%20B%2C%2016-326%20Mo%C5%82owiste!5e0!3m2!1spl!2spl!4v1615456561283!5m2!1spl!2spl\" width=\"100%\" height=\"480\" style=\"border:0;\" allowfullscreen=\"\" loading=\"lazy\"><\/iframe><br \/>\n<!--<iframe loading=\"lazy\" width=\"640\" height=\"480\" frameborder=\"0\" scrolling=\"no\" marginheight=\"0\" marginwidth=\"0\" src=\"https:\/\/www.openstreetmap.org\/export\/embed.html?bbox=23.2127058506012%2C53.93384082277382%2C23.215731382369995%2C53.93506774017264&amp;layer=mapnik&amp;marker=53.934453441965225%2C23.214218616485596\" style=\"border: 1px solid black\"><\/iframe><br \/><small><a href=\"https:\/\/www.openstreetmap.org\/?mlat=53.93445&amp;mlon=23.21422#map=19\/53.93445\/23.21422\">Wy\u015bwietl wi\u0119ksz\u0105 map\u0119<\/a><\/small>--><\/p>\n","protected":false},"excerpt":{"rendered":"<p>DOJAZD Jad\u0105c z Warszawy lub Bia\u0142egostoku w kierunku Suwa\u0142k na \u015bwiat\u0142ach w Augustowie skr\u0119camy w prawo kierunek Sejny, Ogrodniki. Po przejechaniu oko\u0142o 20 km, 1.5 km za miejscowo\u015bci\u0105 Serski Las <a class=\"more-link\" href=\"https:\/\/www.starostowka.pl\/new\/lokalizacja\/\">Continue Reading &amp;amp;amp;amp;amp;amp;amp;amp;amp;amp;amp;amp;amp;amp;amp;amp;amp;amp;amp;rarr;<\/a><\/p>\n","protected":false},"author":1,"featured_media":0,"parent":0,"menu_order":0,"comment_status":"closed","ping_status":"closed","template":"","meta":[],"_links":{"self":[{"href":"https:\/\/www.starostowka.pl\/new\/wp-json\/wp\/v2\/pages\/692"}],"collection":[{"href":"https:\/\/www.starostowka.pl\/new\/wp-json\/wp\/v2\/pages"}],"about":[{"href":"https:\/\/www.starostowka.pl\/new\/wp-json\/wp\/v2\/types\/page"}],"author":[{"embeddable":true,"href":"https:\/\/www.starostowka.pl\/new\/wp-json\/wp\/v2\/users\/1"}],"replies":[{"embeddable":true,"href":"https:\/\/www.starostowka.pl\/new\/wp-json\/wp\/v2\/comments?post=692"}],"version-history":[{"count":9,"href":"https:\/\/www.starostowka.pl\/new\/wp-json\/wp\/v2\/pages\/692\/revisions"}],"predecessor-version":[{"id":1038,"href":"https:\/\/www.starostowka.pl\/new\/wp-json\/wp\/v2\/pages\/692\/revisions\/1038"}],"wp:attachment":[{"href":"https:\/\/www.starostowka.pl\/new\/wp-json\/wp\/v2\/media?parent=692"}],"curies":[{"name":"wp","href":"https:\/\/api.w.org\/{rel}","templated":true}]}}